{"id":3214,"date":"2024-05-04T14:19:32","date_gmt":"2024-05-04T14:19:32","guid":{"rendered":"https:\/\/cajuvillasmontargil.com\/?page_id=3214"},"modified":"2024-05-08T16:04:58","modified_gmt":"2024-05-08T16:04:58","slug":"portugues-lazer","status":"publish","type":"page","link":"https:\/\/cajuvillasmontargil.com\/pt\/portugues-lazer\/","title":{"rendered":"Lazer"},"content":{"rendered":"<p>[vc_row][vc_column]\t\t<div class=\"homey-module module-title section-title-module text-center \">\r\n\t\t\t<h2 >Descubra a Zona de Lazer Exclusiva: Um Ref\u00fagio de Serenidade no Cora\u00e7\u00e3o do Alentejo<\/h2>\r\n\r\n\t\t\t<p  class=\"sub-heading\"><\/p>\r\n\t\t<\/div>\r\n\t\t[vc_empty_space height=&#8221;50px&#8221;][\/vc_column][\/vc_row][vc_row][vc_column width=&#8221;1\/2&#8243;]<div style=\"clear:both; width:100%; height:25px\"><\/div>[vc_column_text]<\/p>\n<div align=\"justify\">\n<p>No nosso ref\u00fagio no cora\u00e7\u00e3o do Alentejo, oferecemos uma zona de lazer exclusiva, onde cada detalhe \u00e9 pensado para proporcionar aos nossos h\u00f3spedes momentos \u00fanicos de tranquilidade. Com um passadi\u00e7o de madeira e uma plataforma reservada para contempla\u00e7\u00e3o de uma vista espl\u00eandida, atividades de bem-estar e comodidades como redes de descanso, baloi\u00e7os ou bicicletas, podendo desfrutar da calma e beleza desta regi\u00e3o \u00fanica.<\/p>\n<\/div>\n<p>[\/vc_column_text][\/vc_column][vc_column width=&#8221;1\/2&#8243;]<!-- Final Tiles Grid Gallery for WordPress v3.5.8 free --><style>#ftg-22 .tile .icon { color:#ffffff; }#ftg-22 .ftg-items .loading-bar i { background:#666; }#ftg-22 .ftg-items .loading-bar { background:#fff; }#ftg-22 .tile .icon { font-size:12px; }#ftg-22 .tile .icon { margin: -6px 0 0 -6px; }#ftg-22 .tile .caption-block .text-wrapper span.text { font-size:12px; }#ftg-22 .tile .caption-outside .text-wrapper span.text { font-size:12px; }#ftg-22 .tile .caption-block .text-wrapper span.title { font-size:14px; }#ftg-22 .tile .caption-outside .text-wrapper span.title { font-size:14px; }#ftg-22 .tile { background-color: transparent; }#ftg-22 .tile .caption-block .text-wrapper span.text { color: #ffffff; }#ftg-22 .tile .caption-block .text-wrapper span.title { color: #ffffff; }#ftg-22 .tile .caption-outside .text-wrapper span.text { color: #ffffff; }#ftg-22 .tile .caption-outside .text-wrapper span.title { color: #ffffff; }#ftg-22 .tile .ftg-social a { color: #ffffff; }#ftg-22 .tile .caption-block { transition-duration:0.25s; }#ftg-22 .tile .tile-inner:before { background-color: #000000; }#ftg-22 .tile .tile-inner:before { background-color: rgba(0, 0, 0, 0.8); }#ftg-22 .tile:hover img {-moz-transform: ;-webkit-transform: ;-o-transform: ;-ms-transform: ;transform: ;}<\/style><a name='2'><\/a><div class='final-tiles-gallery  ftg-hover-enabled caption-inside  caption-none caption-middle caption-center' id='ftg-22' style='width:100%'><div class='ftg-items'><div class='loading-bar'><i><\/i><\/div><div  class='tile ftg-preload  '><a title=\"\" data-lightbox='ftg-22' rel='ftg-22'  class=' tile-inner  ftg-lightbox' href='https:\/\/cajuvillasmontargil.com\/wp-content\/uploads\/2025\/05\/f78e0f9b-33fb-4a9e-9ce1-3f250526b67e-1024x576.jpg' ><img alt='' class='item skip-lazy' data-class='item' data-ftg-source='https:\/\/cajuvillasmontargil.com\/wp-content\/uploads\/2025\/05\/f78e0f9b-33fb-4a9e-9ce1-3f250526b67e-1024x576.jpg' src='https:\/\/cajuvillasmontargil.com\/wp-content\/uploads\/2025\/05\/f78e0f9b-33fb-4a9e-9ce1-3f250526b67e-1024x576.jpg' width='1024' height='576' \/><\/a><div class='ftg-social'><\/div><\/div><div  class='tile ftg-preload  '><a title=\"\" data-lightbox='ftg-22' rel='ftg-22'  class=' tile-inner  ftg-lightbox' href='https:\/\/cajuvillasmontargil.com\/wp-content\/uploads\/2025\/05\/5_batcheditor_fotor-1024x683.jpg' ><img alt='' class='item skip-lazy' data-class='item' data-ftg-source='https:\/\/cajuvillasmontargil.com\/wp-content\/uploads\/2025\/05\/5_batcheditor_fotor-1024x683.jpg' src='https:\/\/cajuvillasmontargil.com\/wp-content\/uploads\/2025\/05\/5_batcheditor_fotor-1024x683.jpg' width='1024' height='683' \/><\/a><div class='ftg-social'><\/div><\/div><div  class='tile ftg-preload  '><a title=\"\" data-lightbox='ftg-22' rel='ftg-22'  class=' tile-inner  ftg-lightbox' href='https:\/\/cajuvillasmontargil.com\/wp-content\/uploads\/2025\/05\/d532aba9-ce4d-4d7d-8c63-1f45aa9bd419_batcheditor_fotor-1024x576.jpeg' ><img alt='' class='item skip-lazy' data-class='item' data-ftg-source='https:\/\/cajuvillasmontargil.com\/wp-content\/uploads\/2025\/05\/d532aba9-ce4d-4d7d-8c63-1f45aa9bd419_batcheditor_fotor-1024x576.jpeg' src='https:\/\/cajuvillasmontargil.com\/wp-content\/uploads\/2025\/05\/d532aba9-ce4d-4d7d-8c63-1f45aa9bd419_batcheditor_fotor-1024x576.jpeg' width='1024' height='576' \/><\/a><div class='ftg-social'><\/div><\/div><div  class='tile ftg-preload  '><a title=\"\" data-lightbox='ftg-22' rel='ftg-22'  class=' tile-inner  ftg-lightbox' href='https:\/\/cajuvillasmontargil.com\/wp-content\/uploads\/2025\/05\/dalte_imagens-106_batcheditor_fotor_11zon-1024x767.jpeg' ><img alt='' class='item skip-lazy' data-class='item' data-ftg-source='https:\/\/cajuvillasmontargil.com\/wp-content\/uploads\/2025\/05\/dalte_imagens-106_batcheditor_fotor_11zon-1024x767.jpeg' src='https:\/\/cajuvillasmontargil.com\/wp-content\/uploads\/2025\/05\/dalte_imagens-106_batcheditor_fotor_11zon-1024x767.jpeg' width='1024' height='767' \/><\/a><div class='ftg-social'><\/div><\/div><div  class='tile ftg-preload  '><a title=\"\" data-lightbox='ftg-22' rel='ftg-22'  class=' tile-inner  ftg-lightbox' href='https:\/\/cajuvillasmontargil.com\/wp-content\/uploads\/2025\/05\/0331c6d2-d1d0-4f3e-8ce8-7c46b3960601_batcheditor_fotor-1024x576.jpeg' ><img alt='' class='item skip-lazy' data-class='item' data-ftg-source='https:\/\/cajuvillasmontargil.com\/wp-content\/uploads\/2025\/05\/0331c6d2-d1d0-4f3e-8ce8-7c46b3960601_batcheditor_fotor-1024x576.jpeg' src='https:\/\/cajuvillasmontargil.com\/wp-content\/uploads\/2025\/05\/0331c6d2-d1d0-4f3e-8ce8-7c46b3960601_batcheditor_fotor-1024x576.jpeg' width='1024' height='576' \/><\/a><div class='ftg-social'><\/div><\/div><div  class='tile ftg-preload  '><a title=\"\" data-lightbox='ftg-22' rel='ftg-22'  class=' tile-inner  ftg-lightbox' href='https:\/\/cajuvillasmontargil.com\/wp-content\/uploads\/2025\/05\/56cef316-023c-40ef-acbb-598c4d546d13_batcheditor_fotor-1024x576.jpeg' ><img alt='' class='item skip-lazy' data-class='item' data-ftg-source='https:\/\/cajuvillasmontargil.com\/wp-content\/uploads\/2025\/05\/56cef316-023c-40ef-acbb-598c4d546d13_batcheditor_fotor-1024x576.jpeg' src='https:\/\/cajuvillasmontargil.com\/wp-content\/uploads\/2025\/05\/56cef316-023c-40ef-acbb-598c4d546d13_batcheditor_fotor-1024x576.jpeg' width='1024' height='576' \/><\/a><div class='ftg-social'><\/div><\/div><div  class='tile ftg-preload  '><a title=\"\" data-lightbox='ftg-22' rel='ftg-22'  class=' tile-inner  ftg-lightbox' href='https:\/\/cajuvillasmontargil.com\/wp-content\/uploads\/2025\/05\/c612c7f8-7021-4a87-b65e-ac981950b4a1_11zon-1024x576.jpg' ><img alt='' class='item skip-lazy' data-class='item' data-ftg-source='https:\/\/cajuvillasmontargil.com\/wp-content\/uploads\/2025\/05\/c612c7f8-7021-4a87-b65e-ac981950b4a1_11zon-1024x576.jpg' src='https:\/\/cajuvillasmontargil.com\/wp-content\/uploads\/2025\/05\/c612c7f8-7021-4a87-b65e-ac981950b4a1_11zon-1024x576.jpg' width='1024' height='576' \/><\/a><div class='ftg-social'><\/div><\/div><div  class='tile ftg-preload  '><a title=\"\" data-lightbox='ftg-22' rel='ftg-22'  class=' tile-inner  ftg-lightbox' href='https:\/\/cajuvillasmontargil.com\/wp-content\/uploads\/2025\/05\/ZL11_11zon-1024x683.png' ><img alt='' class='item skip-lazy' data-class='item' data-ftg-source='https:\/\/cajuvillasmontargil.com\/wp-content\/uploads\/2025\/05\/ZL11_11zon-1024x683.png' src='https:\/\/cajuvillasmontargil.com\/wp-content\/uploads\/2025\/05\/ZL11_11zon-1024x683.png' width='1024' height='683' \/><\/a><div class='ftg-social'><\/div><\/div><div  class='tile ftg-preload  '><a title=\"\" data-lightbox='ftg-22' rel='ftg-22'  class=' tile-inner  ftg-lightbox' href='https:\/\/cajuvillasmontargil.com\/wp-content\/uploads\/2025\/05\/95bd9e27-5e5e-434f-8964-8b81f25639bb_batcheditor_fotor-1024x575.jpeg' ><img alt='' class='item skip-lazy' data-class='item' data-ftg-source='https:\/\/cajuvillasmontargil.com\/wp-content\/uploads\/2025\/05\/95bd9e27-5e5e-434f-8964-8b81f25639bb_batcheditor_fotor-1024x575.jpeg' src='https:\/\/cajuvillasmontargil.com\/wp-content\/uploads\/2025\/05\/95bd9e27-5e5e-434f-8964-8b81f25639bb_batcheditor_fotor-1024x575.jpeg' width='1024' height='575' \/><\/a><div class='ftg-social'><\/div><\/div><div  class='tile ftg-preload  '><a title=\"\" data-lightbox='ftg-22' rel='ftg-22'  class=' tile-inner  ftg-lightbox' href='https:\/\/cajuvillasmontargil.com\/wp-content\/uploads\/2025\/05\/7_batcheditor_fotor-1-1024x683.jpg' ><img alt='' class='item skip-lazy' data-class='item' data-ftg-source='https:\/\/cajuvillasmontargil.com\/wp-content\/uploads\/2025\/05\/7_batcheditor_fotor-1-1024x683.jpg' src='https:\/\/cajuvillasmontargil.com\/wp-content\/uploads\/2025\/05\/7_batcheditor_fotor-1-1024x683.jpg' width='1024' height='683' \/><\/a><div class='ftg-social'><\/div><\/div><\/div><\/div><script type='text\/javascript'>jQuery('#ftg-22 img.item').removeAttr('src');jQuery(document).ready(function () {setTimeout(function () {jQuery('#ftg-22').finalTilesGallery({minTileWidth: 250,margin: 10,loadMethod: 'sequential',nonce: '7e4c2c0b98',galleryId: '2',setupFilters: true,layout: 'columns',debug: false,gridSize: 25,disableGridSizeBelow:800,allowEnlargement: true,columns: [[4000, 3],[1024, 4],[800, 3],[480, 3],[320, 2]],selectedFilter: 'n-a'});jQuery(function () {(function () {var rel = '';jQuery('#ftg-22 .ftg-lightbox').click(function (e) {rel = jQuery(this).attr('rel');jQuery('#ftg-22 .ftg-current').removeClass('ftg-current');jQuery('#ftg-22 [rel=\"'+rel+'\"]').addClass('ftg-current');});})();});}, 0);});<\/script>[\/vc_column][\/vc_row][vc_row][vc_column]<div style=\"clear:both; width:100%; height:100px\"><\/div>[\/vc_column][\/vc_row]<\/p>","protected":false},"excerpt":{"rendered":"<p>[vc_row][vc_column][vc_empty_space height=&#8221;50px&#8221;][\/vc_column][\/vc_row][vc_row][vc_column width=&#8221;1\/2&#8243;][vc_column_text] No nosso ref\u00fagio no cora\u00e7\u00e3o do Alentejo, oferecemos uma zona de lazer exclusiva, onde cada detalhe \u00e9 pensado para proporcionar aos nossos h\u00f3spedes momentos \u00fanicos de tranquilidade. Com um passadi\u00e7o de madeira e uma plataforma reservada para contempla\u00e7\u00e3o de uma vista espl\u00eandida, atividades de bem-estar e comodidades como redes de descanso, baloi\u00e7os [&hellip;]<\/p>\n","protected":false},"author":1,"featured_media":0,"parent":0,"menu_order":0,"comment_status":"closed","ping_status":"closed","template":"","meta":{"inline_featured_image":false,"_joinchat":[],"footnotes":""},"_links":{"self":[{"href":"https:\/\/cajuvillasmontargil.com\/pt\/wp-json\/wp\/v2\/pages\/3214"}],"collection":[{"href":"https:\/\/cajuvillasmontargil.com\/pt\/wp-json\/wp\/v2\/pages"}],"about":[{"href":"https:\/\/cajuvillasmontargil.com\/pt\/wp-json\/wp\/v2\/types\/page"}],"author":[{"embeddable":true,"href":"https:\/\/cajuvillasmontargil.com\/pt\/wp-json\/wp\/v2\/users\/1"}],"replies":[{"embeddable":true,"href":"https:\/\/cajuvillasmontargil.com\/pt\/wp-json\/wp\/v2\/comments?post=3214"}],"version-history":[{"count":15,"href":"https:\/\/cajuvillasmontargil.com\/pt\/wp-json\/wp\/v2\/pages\/3214\/revisions"}],"predecessor-version":[{"id":3360,"href":"https:\/\/cajuvillasmontargil.com\/pt\/wp-json\/wp\/v2\/pages\/3214\/revisions\/3360"}],"wp:attachment":[{"href":"https:\/\/cajuvillasmontargil.com\/pt\/wp-json\/wp\/v2\/media?parent=3214"}],"curies":[{"name":"wp","href":"https:\/\/api.w.org\/{rel}","templated":true}]}}