{"id":3,"date":"2020-12-11T11:30:19","date_gmt":"2020-12-11T11:30:19","guid":{"rendered":"https:\/\/cajuvillasmontargil.com\/?page_id=3"},"modified":"2024-04-16T08:21:06","modified_gmt":"2024-04-16T08:21:06","slug":"politica-privacidade","status":"publish","type":"page","link":"https:\/\/cajuvillasmontargil.com\/pt\/politica-privacidade\/","title":{"rendered":"Pol\u00edtica de privacidade"},"content":{"rendered":"<div align=\"justify\">\r\n<p style=\"font-weight: 400;\"><b><strong>Pol\u00edtica de Privacidade<\/strong><\/b><\/p>\r\n<p style=\"font-weight: 400;\"><b><strong>Recolha e tratamento de dados pessoais<\/strong><\/b><\/p>\r\n<p style=\"font-weight: 400;\">O Caju Villas Montargil considerando o RGPD \u2013 Regulamento Geral de Prote\u00e7\u00e3o de Dados (Regulamento UE 2016\/679 do Parlamento Europeu e do Conselho, de 27 de abril de 2016), vem prestar-lhe as seguintes informa\u00e7\u00f5es quanto \u00e0 recolha e tratamento dos seus dados pessoais:\u00a0<\/p>\r\n<p style=\"font-weight: 400;\"><u>Fundamentos e Finalidades para o Tratamento\u00a0<\/u><\/p>\r\n<p style=\"font-weight: 400;\">1.1 O fundamento para a recolha e tratamento dos dados pessoais do utilizador \u00e9 o consentimento prestado pelo mesmo, para as seguintes finalidades de reservas hoteleiras.\u00a0<\/p>\r\n<p style=\"font-weight: 400;\">1.2 A informa\u00e7\u00e3o recolhida e registada na base de dados tem por finalidade permitir ao Caju Villas Montargil o tratamento das reservas em qualquer das unidades de alojamento.\u00a0<\/p>\r\n<p style=\"font-weight: 400;\"><u>Categorias de Dados Pessoais recolhidos e tratados\u00a0<\/u><\/p>\r\n<p style=\"font-weight: 400;\">2.1 Para as finalidades acima referidas, o Caju Villas Montargil poder\u00e1 recolher e tratar os dados pessoais do Utilizador que se revelem necess\u00e1rios e indispens\u00e1veis para as finalidades atr\u00e1s identificadas, e que s\u00e3o os seguintes:\u00a0<\/p>\r\n<p style=\"font-weight: 400;\">Identifica\u00e7\u00e3o e Contatos: nome, data e local de nascimento, nacionalidade, sexo, documento de identifica\u00e7\u00e3o, morada, contatos telef\u00f3nicos, endere\u00e7o de correio eletr\u00f3nico.\u00a0<\/p>\r\n<p style=\"font-weight: 400;\">2.2 O titular dos dados declara que os dados que faculta ao Caju Villas Montargil s\u00e3o verdadeiros, exatos, completos e atualizados. O Utilizador \u00e9 respons\u00e1vel pela veracidade de todos os dados que comunica e por os manter devidamente atualizados.\u00a0<\/p>\r\n<p style=\"font-weight: 400;\"><u>Prazo de Conserva\u00e7\u00e3o dos Dados Pessoais<\/u><\/p>\r\n<p style=\"font-weight: 400;\">3.1 O prazo de conserva\u00e7\u00e3o dos dados pessoais do Utilizador na base de dados \u00e9 de: at\u00e9 12 meses para informa\u00e7\u00e3o de reservas;\u00a0<\/p>\r\n<p style=\"font-weight: 400;\"><u>Respons\u00e1vel pelo Tratamento dos Dados, Subcontratantes e outros Destinat\u00e1rios\u00a0<\/u><\/p>\r\n<p style=\"font-weight: 400;\">4.1. O Caju Villas Montargil \u00e9 a respons\u00e1vel pelo tratamento dos dados pessoais recolhidos.\u00a0 Pode contatar-nos em:\u00a0<\/p>\r\n<p style=\"font-weight: 400;\">Morada: Rua 25 de Abril, n\u00ba35, Quinta do Guro, 7425-014, Farinha Branca \u2013 Montargil. Email:\u00a0<a href=\"mailto:info@cajuvillasmontargil.com\">info@cajuvillasmontargil.com<\/a>\u00a0<\/p>\r\n<p style=\"font-weight: 400;\">4.2 Tamb\u00e9m poder\u00e3o ser destinat\u00e1rias dos dados as empresas subcontratadas para realiza\u00e7\u00e3o de servi\u00e7os necess\u00e1rios \u00e0 gest\u00e3o das reservas.\u00a0<\/p>\r\n<p style=\"font-weight: 400;\">4.3. O Caju Villas Montargil, enquanto respons\u00e1vel pelo tratamento dos dados pessoais do utilizador, declara que mant\u00e9m com todos os seus Subcontratantes um acordo escrito, atrav\u00e9s do qual aqueles garantem o cumprimento do RGPD, sendo que os dados pessoais do Utilizador s\u00f3 s\u00e3o tratados por aqueles nos termos e condi\u00e7\u00f5es aqui descritas, para as finalidades aqui mencionadas, e na medida do estritamente necess\u00e1rio.\u00a0<\/p>\r\n<p style=\"font-weight: 400;\"><u>Direitos do Utilizador enquanto Titular de Dados Pessoais\u00a0<\/u><\/p>\r\n<p style=\"font-weight: 400;\">5.1. Ao Utilizador s\u00e3o assegurados, nos termos da legisla\u00e7\u00e3o aplic\u00e1vel, os seguintes direitos:\u00a0<\/p>\r\n<p style=\"font-weight: 400;\">Direito de acesso aos seus dados e a informa\u00e7\u00f5es sobre as opera\u00e7\u00f5es de tratamento; a saber se est\u00e3o ou n\u00e3o a ser tratados os seus dados; se foram transmitidos a outra entidade; qual o destino que lhes foi dado;\u00a0<\/p>\r\n<p style=\"font-weight: 400;\">Direito de retifica\u00e7\u00e3o dos dados pessoais que estejam desatualizados, incorretos ou incompletos.;\u00a0<\/p>\r\n<p style=\"font-weight: 400;\">Direito ao apagamento ou direito a ser esquecido: O titular dos dados tem o direito a requerer ao respons\u00e1vel pelo tratamento que apague os seus dados;\u00a0<\/p>\r\n<p style=\"font-weight: 400;\">Direito \u00e0 limita\u00e7\u00e3o do tratamento: O titular dos dados tem o direito a ser inserida uma marca nos seus dados pessoais com o objetivo de limitar o seu tratamento no futuro;\u00a0<\/p>\r\n<p style=\"font-weight: 400;\">Direito \u00e0 portabilidade dos dados: o titular dos dados tem o direito de solicitar os dados pessoais que lhe digam respeito e que tenha fornecido, e ainda o direito de requerer a\u00a0<\/p>\r\n<p style=\"font-weight: 400;\">transfer\u00eancia desses dados a outros terceiros, tamb\u00e9m eles respons\u00e1veis por tratamento de dados;\u00a0<\/p>\r\n<p style=\"font-weight: 400;\">Direito de oposi\u00e7\u00e3o: o titular dos dados tem o direito de se opor a qualquer momento, por motivos relacionados com a sua situa\u00e7\u00e3o particular, ao tratamento dos dados pessoais que lhe digam respeito que tenham por base interesses leg\u00edtimos ou interesse p\u00fablico, incluindo a defini\u00e7\u00e3o de perfis com base nessas disposi\u00e7\u00f5es.\u00a0<\/p>\r\n<p style=\"font-weight: 400;\">Direito de n\u00e3o ficar sujeito a decis\u00f5es individuais exclusivamente automatizadas, incluindo a defini\u00e7\u00e3o de perfis;\u00a0<\/p>\r\n<p style=\"font-weight: 400;\">Direito de apresentar reclama\u00e7\u00f5es junto da autoridade de controlo:\u00a0<\/p>\r\n<p style=\"font-weight: 400;\">Comiss\u00e3o Nacional de Prote\u00e7\u00e3o de Dados \u2013 CNPD Rua de S\u00e3o Bento, n.\u00ba 148, 3\u00ba 1200-821 Lisboa Tel: 351 213928400 Fax: +351 213976832 e-mail: geral@cnpd.pt.\u00a0<\/p>\r\n<p style=\"font-weight: 400;\">5.2. Deve exercer os seus direitos atrav\u00e9s dos seguintes contatos:\u00a0\u00a0<\/p>\r\n<p style=\"font-weight: 400;\">Morada: Rua 25 de Abril, n\u00ba35, Quinta do Guro, 7425-014, Farinha Branca \u2013 Montargil. Email:\u00a0<a href=\"mailto:info@cajuvillasmontargil.com\">info@cajuvillasmontargil.com<\/a>\u00a0<\/p>\r\n<p style=\"font-weight: 400;\"><u>Consentimento do titular dos dados e o direito de alterar ou retirar esse consentimento\u00a0<\/u><\/p>\r\n<p style=\"font-weight: 400;\">6.1 O Utilizador presta por este meio o seu consentimento para o tratamento dos seus dados pessoais acima indicados, nos termos e condi\u00e7\u00f5es constantes do presente documento, ao Caju Villas Montargil, para as finalidades aqui identificadas.\u00a0<\/p>\r\n<p style=\"font-weight: 400;\">6.2 O Utilizador pode alterar ou retirar o seu consentimento a qualquer momento, com efeitos para o futuro, atrav\u00e9s dos contatos do respons\u00e1vel pelo tratamento de dados j\u00e1 acima indicados.\u00a0<\/p>\r\n<p style=\"font-weight: 400;\">6.3. Caso o Utilizador retire o seu consentimento, tal n\u00e3o compromete a licitude do tratamento efetuado at\u00e9 essa data.\u00a0<\/p>\r\n<p style=\"font-weight: 400;\">6.4 O tratamento dos dados pessoais do Utilizador \u00e9 indispens\u00e1vel \u00e0 efetiva\u00e7\u00e3o das reservas, pelo que caso o Utilizador altere ou retire o seu consentimento, ser\u00e1 impedido de proceder \u00e0 reserva.<\/p>\r\n<p style=\"font-weight: 400;\">Transfer\u00eancia de dados para pa\u00edses terceiros\u00a0<\/p>\r\n<p style=\"font-weight: 400;\">Preencher apenas se aplic\u00e1vel.\u00a0<\/p>\r\n<p style=\"font-weight: 400;\">Exist\u00eancia de decis\u00f5es automatizadas\u00a0<\/p>\r\n<p style=\"font-weight: 400;\">O Caju Villas Montargil n\u00e3o toma decis\u00f5es automatizadas com base nos dados objeto de tratamento, tendo todas as decis\u00f5es uma componente de an\u00e1lise e interven\u00e7\u00e3o humana.\u00a0<\/p>\r\n<p style=\"font-weight: 400;\"><u>Medidas de seguran\u00e7a\u00a0<\/u><\/p>\r\n<p style=\"font-weight: 400;\">7.1 O Caju Villas Montargil declara que se encontra a cumprir todas as disposi\u00e7\u00f5es do RGPD \u2013 Regulamento Geral da Prote\u00e7\u00e3o de Dados (Regulamento UE 2016\/679 do Parlamento Europeu e do Conselho, de 27 de abril de 2016).\u00a0<\/p>\r\n<p style=\"font-weight: 400;\">7.2 O Caju Villas Montargil tem implementadas as medidas de seguran\u00e7a t\u00e9cnicas e organizacionais necess\u00e1rias para garantir a seguran\u00e7a dos dados pessoais que recolhe e trata, e evitar a sua altera\u00e7\u00e3o, perda e tratamento e\/ou acesso n\u00e3o autorizado, tendo em conta o estado da tecnologia, a natureza dos dados armazenados e os riscos a que est\u00e3o expostos.\u00a0<\/p>\r\n<p style=\"font-weight: 400;\"><u>Viola\u00e7\u00e3o de dados pessoais\u00a0<\/u><\/p>\r\n<p style=\"font-weight: 400;\">8.1. Quando ocorra uma viola\u00e7\u00e3o de dados pessoais suscet\u00edvel de implicar um elevado risco para os direitos e liberdades do Utilizador, o Caju Villas Montargil deve comunicar-lhe essa viola\u00e7\u00e3o, em tempo \u00fatil.\u00a0<\/p>\r\n<p style=\"font-weight: 400;\">8.2. Dessa comunica\u00e7\u00e3o devem constar a natureza da viola\u00e7\u00e3o dos dados pessoais; a indica\u00e7\u00e3o de um ponto de contacto onde possam ser obtidas mais informa\u00e7\u00f5es; a descri\u00e7\u00e3o das consequ\u00eancias prov\u00e1veis da viola\u00e7\u00e3o de dados pessoais; a descri\u00e7\u00e3o das medidas adotadas ou propostas pelo respons\u00e1vel pelo tratamento para reparar a viola\u00e7\u00e3o de dados pessoais, inclusive, se for caso disso, medidas para atenuar os seus eventuais efeitos negativos.<\/p>\r\n<\/div>","protected":false},"excerpt":{"rendered":"<p>Pol\u00edtica de Privacidade Recolha e tratamento de dados pessoais O Caju Villas Montargil considerando o RGPD \u2013 Regulamento Geral de Prote\u00e7\u00e3o de Dados (Regulamento UE 2016\/679 do Parlamento Europeu e do Conselho, de 27 de abril de 2016), vem prestar-lhe as seguintes informa\u00e7\u00f5es quanto \u00e0 recolha e tratamento dos seus dados pessoais:\u00a0 Fundamentos e Finalidades [&hellip;]<\/p>\n","protected":false},"author":1,"featured_media":0,"parent":0,"menu_order":0,"comment_status":"closed","ping_status":"open","template":"","meta":{"inline_featured_image":false,"_joinchat":[],"footnotes":""},"_links":{"self":[{"href":"https:\/\/cajuvillasmontargil.com\/pt\/wp-json\/wp\/v2\/pages\/3"}],"collection":[{"href":"https:\/\/cajuvillasmontargil.com\/pt\/wp-json\/wp\/v2\/pages"}],"about":[{"href":"https:\/\/cajuvillasmontargil.com\/pt\/wp-json\/wp\/v2\/types\/page"}],"author":[{"embeddable":true,"href":"https:\/\/cajuvillasmontargil.com\/pt\/wp-json\/wp\/v2\/users\/1"}],"replies":[{"embeddable":true,"href":"https:\/\/cajuvillasmontargil.com\/pt\/wp-json\/wp\/v2\/comments?post=3"}],"version-history":[{"count":5,"href":"https:\/\/cajuvillasmontargil.com\/pt\/wp-json\/wp\/v2\/pages\/3\/revisions"}],"predecessor-version":[{"id":3132,"href":"https:\/\/cajuvillasmontargil.com\/pt\/wp-json\/wp\/v2\/pages\/3\/revisions\/3132"}],"wp:attachment":[{"href":"https:\/\/cajuvillasmontargil.com\/pt\/wp-json\/wp\/v2\/media?parent=3"}],"curies":[{"name":"wp","href":"https:\/\/api.w.org\/{rel}","templated":true}]}}