{"id":2996,"date":"2023-09-07T14:43:23","date_gmt":"2023-09-07T14:43:23","guid":{"rendered":"https:\/\/cajuvillasmontargil.com\/?page_id=2996"},"modified":"2024-06-21T13:02:23","modified_gmt":"2024-06-21T13:02:23","slug":"reviews","status":"publish","type":"page","link":"https:\/\/cajuvillasmontargil.com\/pt\/reviews\/","title":{"rendered":"Reviews"},"content":{"rendered":"<p>[vc_row][vc_column]\t\t<div class=\"homey-module module-title section-title-module text-left \">\r\n\t\t\t<h2 >O que dizem os nossos h\u00f3spedes<\/h2>\r\n\r\n\t\t\t<p  class=\"sub-heading\"><\/p>\r\n\t\t<\/div>\r\n\t\t\n        <!--start testimonials module-->\n        \n                        <script>\n                jQuery(document).ready(function ($) {\n\n                    $('.testimonials-slider').slick({\n                        rtl: false,\n                        lazyLoad: 'ondemand',\n                        infinite: true,\n                        speed: 300,\n                        slidesToShow: 4,\n                        arrows: true,\n                        adaptiveHeight: true,\n                        dots: true,\n                        appendArrows: '.testimonials-module-slider',\n                        prevArrow: '<button type=\"button\" class=\"slick-prev\">Anterior<\/button>',\n                        nextArrow: '<button type=\"button\" class=\"slick-next\">Seguinte<\/button>',\n                        responsive: [\n                        {\n                            breakpoint: 992,\n                            settings: {\n                                slidesToShow: 2,\n                                slidesToScroll: 2\n                            }\n                        },\n                        {\n                            breakpoint: 769,\n                            settings: {\n                                slidesToShow: 1,\n                                slidesToScroll: 1\n                            }\n                        }]\n                    });\n\n                });\n            <\/script>\n\n            <div class=\"module-wrap testimonials-module testimonials-module-slider\">\n                <div class=\"testimonials-slider-wrap\">\n                    <div class=\"row\">\n                        <div class=\"testimonials-slider\">\n                            <div class=\"testimonial-item text-center\"><p class=\"description\">Uma semana fant\u00e1stica!\r\n\u00d3timas comodidades. Excelente piscina. Muita privacidade e calma envolvente<\/p><div class=\"testimonial-thumb\"><img loading=\"lazy\" width=\"120\" height=\"120\" src=\"https:\/\/cajuvillasmontargil.com\/wp-content\/uploads\/2021\/02\/17dcf4ba715b51b8c23baeb707c38ad7-150x150.png\" class=\"img-circle img-responsive\" alt=\"\" srcset=\"https:\/\/cajuvillasmontargil.com\/wp-content\/uploads\/2021\/02\/17dcf4ba715b51b8c23baeb707c38ad7-150x150.png 150w, https:\/\/cajuvillasmontargil.com\/wp-content\/uploads\/2021\/02\/17dcf4ba715b51b8c23baeb707c38ad7-300x300.png 300w, https:\/\/cajuvillasmontargil.com\/wp-content\/uploads\/2021\/02\/17dcf4ba715b51b8c23baeb707c38ad7-250x250.png 250w, https:\/\/cajuvillasmontargil.com\/wp-content\/uploads\/2021\/02\/17dcf4ba715b51b8c23baeb707c38ad7.png 768w, https:\/\/cajuvillasmontargil.com\/wp-content\/uploads\/2021\/02\/17dcf4ba715b51b8c23baeb707c38ad7-500x500.png 500w, https:\/\/cajuvillasmontargil.com\/wp-content\/uploads\/2021\/02\/17dcf4ba715b51b8c23baeb707c38ad7-360x360.png 360w\" sizes=\"(max-width: 120px) 100vw, 120px\" \/><\/div><p class=\"auther-info\"><strong>Pedro<\/strong><br><em>Portugal, Booking<\/em><\/p><\/div><div class=\"testimonial-item text-center\"><p class=\"description\">Villa vil\u00e3o super acolhedora, muito bem equipada.. Montada ao pormenor e para qualquer pessoa se sentir em casa,com uma \u00e1rea exterior fant\u00e1stica uma Piscina top e uma paisagem lind\u00edssima. Com os servi\u00e7os necess\u00e1rios pertinhos como (farmacia,talho,supermercado,banco, cafes etc..)\r\nParab\u00e9ns ao Sr. Jo\u00e3o pelo cuidado que mostrou ter sempre desde o in\u00edcio ate ao fim da nossa estadia.<\/p><div class=\"testimonial-thumb\"><img loading=\"lazy\" width=\"120\" height=\"120\" src=\"https:\/\/cajuvillasmontargil.com\/wp-content\/uploads\/2021\/02\/17dcf4ba715b51b8c23baeb707c38ad7-150x150.png\" class=\"img-circle img-responsive\" alt=\"\" srcset=\"https:\/\/cajuvillasmontargil.com\/wp-content\/uploads\/2021\/02\/17dcf4ba715b51b8c23baeb707c38ad7-150x150.png 150w, https:\/\/cajuvillasmontargil.com\/wp-content\/uploads\/2021\/02\/17dcf4ba715b51b8c23baeb707c38ad7-300x300.png 300w, https:\/\/cajuvillasmontargil.com\/wp-content\/uploads\/2021\/02\/17dcf4ba715b51b8c23baeb707c38ad7-250x250.png 250w, https:\/\/cajuvillasmontargil.com\/wp-content\/uploads\/2021\/02\/17dcf4ba715b51b8c23baeb707c38ad7.png 768w, https:\/\/cajuvillasmontargil.com\/wp-content\/uploads\/2021\/02\/17dcf4ba715b51b8c23baeb707c38ad7-500x500.png 500w, https:\/\/cajuvillasmontargil.com\/wp-content\/uploads\/2021\/02\/17dcf4ba715b51b8c23baeb707c38ad7-360x360.png 360w\" sizes=\"(max-width: 120px) 100vw, 120px\" \/><\/div><p class=\"auther-info\"><strong>Liliana<\/strong><br><em>Portugal, Booking<\/em><\/p><\/div><div class=\"testimonial-item text-center\"><p class=\"description\">As f\u00e9rias necess\u00e1rias para recarregar baterias! Superou as expetativas. Esperamos voltar em breve!\r\nLocaliza\u00e7\u00e3o perfeita. Perto de tudo o que \u00e9 necess\u00e1rio (barragem, supermercados, farm\u00e1cia) mas, ao mesmo tempo, longe o suficiente para uma experi\u00eancia relaxante em fam\u00edlia. Sil\u00eancio, mesmo com as villas vizinhas ocupadas. Privacidade total e equipamentos necess\u00e1rios para uma estadia confort\u00e1vel<\/p><div class=\"testimonial-thumb\"><img loading=\"lazy\" width=\"120\" height=\"120\" src=\"https:\/\/cajuvillasmontargil.com\/wp-content\/uploads\/2021\/02\/17dcf4ba715b51b8c23baeb707c38ad7-150x150.png\" class=\"img-circle img-responsive\" alt=\"\" srcset=\"https:\/\/cajuvillasmontargil.com\/wp-content\/uploads\/2021\/02\/17dcf4ba715b51b8c23baeb707c38ad7-150x150.png 150w, https:\/\/cajuvillasmontargil.com\/wp-content\/uploads\/2021\/02\/17dcf4ba715b51b8c23baeb707c38ad7-300x300.png 300w, https:\/\/cajuvillasmontargil.com\/wp-content\/uploads\/2021\/02\/17dcf4ba715b51b8c23baeb707c38ad7-250x250.png 250w, https:\/\/cajuvillasmontargil.com\/wp-content\/uploads\/2021\/02\/17dcf4ba715b51b8c23baeb707c38ad7.png 768w, https:\/\/cajuvillasmontargil.com\/wp-content\/uploads\/2021\/02\/17dcf4ba715b51b8c23baeb707c38ad7-500x500.png 500w, https:\/\/cajuvillasmontargil.com\/wp-content\/uploads\/2021\/02\/17dcf4ba715b51b8c23baeb707c38ad7-360x360.png 360w\" sizes=\"(max-width: 120px) 100vw, 120px\" \/><\/div><p class=\"auther-info\"><strong>Andr\u00e9<\/strong><br><em>Portugal, Booking<\/em><\/p><\/div><div class=\"testimonial-item text-center\"><p class=\"description\">Adorei a localiza\u00e7\u00e3o. A vista era magn\u00edfica, num ambiente super pac\u00edfico.<\/p><div class=\"testimonial-thumb\"><img loading=\"lazy\" width=\"120\" height=\"120\" src=\"https:\/\/cajuvillasmontargil.com\/wp-content\/uploads\/2021\/02\/17dcf4ba715b51b8c23baeb707c38ad7-150x150.png\" class=\"img-circle img-responsive\" alt=\"\" srcset=\"https:\/\/cajuvillasmontargil.com\/wp-content\/uploads\/2021\/02\/17dcf4ba715b51b8c23baeb707c38ad7-150x150.png 150w, https:\/\/cajuvillasmontargil.com\/wp-content\/uploads\/2021\/02\/17dcf4ba715b51b8c23baeb707c38ad7-300x300.png 300w, https:\/\/cajuvillasmontargil.com\/wp-content\/uploads\/2021\/02\/17dcf4ba715b51b8c23baeb707c38ad7-250x250.png 250w, https:\/\/cajuvillasmontargil.com\/wp-content\/uploads\/2021\/02\/17dcf4ba715b51b8c23baeb707c38ad7.png 768w, https:\/\/cajuvillasmontargil.com\/wp-content\/uploads\/2021\/02\/17dcf4ba715b51b8c23baeb707c38ad7-500x500.png 500w, https:\/\/cajuvillasmontargil.com\/wp-content\/uploads\/2021\/02\/17dcf4ba715b51b8c23baeb707c38ad7-360x360.png 360w\" sizes=\"(max-width: 120px) 100vw, 120px\" \/><\/div><p class=\"auther-info\"><strong>C\u00edntia<\/strong><br><em>Portugal, Booking<\/em><\/p><\/div><div class=\"testimonial-item text-center\"><p class=\"description\">A localiza\u00e7\u00e3o \u00e9 a melhor da regi\u00e3o!! Simplesmente lindo!\r\nA Villa onde fic\u00e1mos era espectacular; Villa Vale Vil\u00e3o. Arquitetura moderna e confort\u00e1vel; tudo rigorosamente novo e limpo.\r\nAten\u00e7\u00e3o ao pormenor por exemplo na qualidade dos atoalhados; com o log\u00f3tipo do empreendimento. \u00c9 tamb\u00e9m de destacar a disponibilidade e solicitude dos propriet\u00e1rios face \u00e0s nossas necessidades; o Sr. Jo\u00e3o Cardeano foi incans\u00e1vel.\r\nVamos certamente voltar!\r\nO melhor alojamento de Montargil!!<\/p><div class=\"testimonial-thumb\"><img loading=\"lazy\" width=\"120\" height=\"120\" src=\"https:\/\/cajuvillasmontargil.com\/wp-content\/uploads\/2021\/02\/17dcf4ba715b51b8c23baeb707c38ad7-150x150.png\" class=\"img-circle img-responsive\" alt=\"\" srcset=\"https:\/\/cajuvillasmontargil.com\/wp-content\/uploads\/2021\/02\/17dcf4ba715b51b8c23baeb707c38ad7-150x150.png 150w, https:\/\/cajuvillasmontargil.com\/wp-content\/uploads\/2021\/02\/17dcf4ba715b51b8c23baeb707c38ad7-300x300.png 300w, https:\/\/cajuvillasmontargil.com\/wp-content\/uploads\/2021\/02\/17dcf4ba715b51b8c23baeb707c38ad7-250x250.png 250w, https:\/\/cajuvillasmontargil.com\/wp-content\/uploads\/2021\/02\/17dcf4ba715b51b8c23baeb707c38ad7.png 768w, https:\/\/cajuvillasmontargil.com\/wp-content\/uploads\/2021\/02\/17dcf4ba715b51b8c23baeb707c38ad7-500x500.png 500w, https:\/\/cajuvillasmontargil.com\/wp-content\/uploads\/2021\/02\/17dcf4ba715b51b8c23baeb707c38ad7-360x360.png 360w\" sizes=\"(max-width: 120px) 100vw, 120px\" \/><\/div><p class=\"auther-info\"><strong>Paulo<\/strong><br><em>Portugal, Booking<\/em><\/p><\/div><div class=\"testimonial-item text-center\"><p class=\"description\">Recomendo vivamente! Uma casa linda, com uma vista deslumbrante e toda equipada como o essencial para proporcionar uma estadia confort\u00e1vel! A repetir!<\/p><div class=\"testimonial-thumb\"><img loading=\"lazy\" width=\"120\" height=\"120\" src=\"https:\/\/cajuvillasmontargil.com\/wp-content\/uploads\/2021\/02\/17dcf4ba715b51b8c23baeb707c38ad7-150x150.png\" class=\"img-circle img-responsive\" alt=\"\" srcset=\"https:\/\/cajuvillasmontargil.com\/wp-content\/uploads\/2021\/02\/17dcf4ba715b51b8c23baeb707c38ad7-150x150.png 150w, https:\/\/cajuvillasmontargil.com\/wp-content\/uploads\/2021\/02\/17dcf4ba715b51b8c23baeb707c38ad7-300x300.png 300w, https:\/\/cajuvillasmontargil.com\/wp-content\/uploads\/2021\/02\/17dcf4ba715b51b8c23baeb707c38ad7-250x250.png 250w, https:\/\/cajuvillasmontargil.com\/wp-content\/uploads\/2021\/02\/17dcf4ba715b51b8c23baeb707c38ad7.png 768w, https:\/\/cajuvillasmontargil.com\/wp-content\/uploads\/2021\/02\/17dcf4ba715b51b8c23baeb707c38ad7-500x500.png 500w, https:\/\/cajuvillasmontargil.com\/wp-content\/uploads\/2021\/02\/17dcf4ba715b51b8c23baeb707c38ad7-360x360.png 360w\" sizes=\"(max-width: 120px) 100vw, 120px\" \/><\/div><p class=\"auther-info\"><strong>Filipa<\/strong><br><em>Portugal, Booking<\/em><\/p><\/div><div class=\"testimonial-item text-center\"><p class=\"description\">\u00c9 t\u00e3o f\u00e1cil sentir-se relaxado no Caju Villas!\r\nVistas incr\u00edveis!! O espa\u00e7o estava muito limpo. A casa tem todas as comodidades que se precisa e mais algumas. Al\u00e9m disso, o propriet\u00e1rio est\u00e1 sempre dispon\u00edvel para ajudar com o que for necess\u00e1rio durante a estadia. O nosso grupo teve uma estadia muito agrad\u00e1vel no Caju Villas e definitivamente vou ficar aqui novamente.<\/p><div class=\"testimonial-thumb\"><img loading=\"lazy\" width=\"120\" height=\"120\" src=\"https:\/\/cajuvillasmontargil.com\/wp-content\/uploads\/2021\/02\/17dcf4ba715b51b8c23baeb707c38ad7-150x150.png\" class=\"img-circle img-responsive\" alt=\"\" srcset=\"https:\/\/cajuvillasmontargil.com\/wp-content\/uploads\/2021\/02\/17dcf4ba715b51b8c23baeb707c38ad7-150x150.png 150w, https:\/\/cajuvillasmontargil.com\/wp-content\/uploads\/2021\/02\/17dcf4ba715b51b8c23baeb707c38ad7-300x300.png 300w, https:\/\/cajuvillasmontargil.com\/wp-content\/uploads\/2021\/02\/17dcf4ba715b51b8c23baeb707c38ad7-250x250.png 250w, https:\/\/cajuvillasmontargil.com\/wp-content\/uploads\/2021\/02\/17dcf4ba715b51b8c23baeb707c38ad7.png 768w, https:\/\/cajuvillasmontargil.com\/wp-content\/uploads\/2021\/02\/17dcf4ba715b51b8c23baeb707c38ad7-500x500.png 500w, https:\/\/cajuvillasmontargil.com\/wp-content\/uploads\/2021\/02\/17dcf4ba715b51b8c23baeb707c38ad7-360x360.png 360w\" sizes=\"(max-width: 120px) 100vw, 120px\" \/><\/div><p class=\"auther-info\"><strong>Sofia<\/strong><br><em>Portugal, Booking<\/em><\/p><\/div><div class=\"testimonial-item text-center\"><p class=\"description\">Estadia perfeita para descansar e relaxar da confus\u00e3o da cidade. Usufru\u00edmos de um espa\u00e7o fant\u00e1stico, com uma casa bastante limpa, organizada, e funcional. A piscina \u00e9 incr\u00edvel, com uma vista fabulosa. Uma experi\u00eancia sem d\u00favida a repetir!<\/p><div class=\"testimonial-thumb\"><img loading=\"lazy\" width=\"117\" height=\"120\" src=\"https:\/\/cajuvillasmontargil.com\/wp-content\/uploads\/2021\/02\/download-146x150.png\" class=\"img-circle img-responsive\" alt=\"\" \/><\/div><p class=\"auther-info\"><strong>Bruna<\/strong><br><em>Portugal, Airbnb<\/em><\/p><\/div><div class=\"testimonial-item text-center\"><p class=\"description\">Um \u00f3timo local para relaxar e para fugir do stress da cidade! Com uma paisagem incr\u00edvel e uma piscina maravilhosa. Sem d\u00favida uma experi\u00eancia a repetir!<\/p><div class=\"testimonial-thumb\"><img loading=\"lazy\" width=\"117\" height=\"120\" src=\"https:\/\/cajuvillasmontargil.com\/wp-content\/uploads\/2021\/02\/download-146x150.png\" class=\"img-circle img-responsive\" alt=\"\" \/><\/div><p class=\"auther-info\"><strong>Ver\u00f3nica<\/strong><br><em>Portugal, Airbnb<\/em><\/p><\/div><div class=\"testimonial-item text-center\"><p class=\"description\">Casa acolhedora onde nada falta. Maravilhosa piscina complementada por uma paisagem de cortar a respira\u00e7\u00e3o!<\/p><div class=\"testimonial-thumb\"><img loading=\"lazy\" width=\"117\" height=\"120\" src=\"https:\/\/cajuvillasmontargil.com\/wp-content\/uploads\/2021\/02\/download-146x150.png\" class=\"img-circle img-responsive\" alt=\"\" \/><\/div><p class=\"auther-info\"><strong>Hugo<\/strong><br><em>Portugal, Airbnb<\/em><\/p><\/div><div class=\"testimonial-item text-center\"><p class=\"description\">Bela localiza\u00e7\u00e3o e muito refrescante depois de alguns dias em Lisboa! A piscina era perfeita e tranquila. O carregamento para ve\u00edculos el\u00e9tricos tamb\u00e9m era muito bom.<\/p><div class=\"testimonial-thumb\"><img loading=\"lazy\" width=\"117\" height=\"120\" src=\"https:\/\/cajuvillasmontargil.com\/wp-content\/uploads\/2021\/02\/download-146x150.png\" class=\"img-circle img-responsive\" alt=\"\" \/><\/div><p class=\"auther-info\"><strong>Tanner<\/strong><br><em>EUA, Airbnb<\/em><\/p><\/div><div class=\"testimonial-item text-center\"><p class=\"description\">A nossa estadia foi perfeita: tranquila e relaxante longe das multid\u00f5es de turistas. A piscina de \u00e1gua salgada \u00e9 \u00f3tima e a vista \u00e9 deslumbrante!\r\nO Jo\u00e3o foi muito atencioso com o nosso bem-estar...\r\nObrigado pelas f\u00e9rias maravilhosas!<\/p><div class=\"testimonial-thumb\"><img loading=\"lazy\" width=\"117\" height=\"120\" src=\"https:\/\/cajuvillasmontargil.com\/wp-content\/uploads\/2021\/02\/download-146x150.png\" class=\"img-circle img-responsive\" alt=\"\" \/><\/div><p class=\"auther-info\"><strong>Magali<\/strong><br><em>Fran\u00e7a, Airbnb<\/em><\/p><\/div><div class=\"testimonial-item text-center\"><p class=\"description\">Linda casa e excelentes vistas. Gost\u00e1mos muito da nossa estadia e estamos ansiosos por voltar!<\/p><div class=\"testimonial-thumb\"><img loading=\"lazy\" width=\"117\" height=\"120\" src=\"https:\/\/cajuvillasmontargil.com\/wp-content\/uploads\/2021\/02\/download-146x150.png\" class=\"img-circle img-responsive\" alt=\"\" \/><\/div><p class=\"auther-info\"><strong>Giulia<\/strong><br><em>Austr\u00e1lia, Airbnb<\/em><\/p><\/div><div class=\"testimonial-item text-center\"><p class=\"description\">Um confort\u00e1vel espa\u00e7o com uma vista lind\u00edssima. Muita natureza e sil\u00eancio para uns dias de pausa.\r\nDo bom gosto da decora\u00e7\u00e3o, da maravilhosa vista, da limpeza e escolha de materiais\/m\u00f3veis confort\u00e1veis, desde os t\u00eaxteis aos sof\u00e1s e mobili\u00e1rio de exterior. O Wi-Fi funcionou muito bem e apreciei a quantidade de canais de tv dispon\u00edveis (tv por cabo).<\/p><div class=\"testimonial-thumb\"><img loading=\"lazy\" width=\"120\" height=\"120\" src=\"https:\/\/cajuvillasmontargil.com\/wp-content\/uploads\/2021\/02\/17dcf4ba715b51b8c23baeb707c38ad7-150x150.png\" class=\"img-circle img-responsive\" alt=\"\" srcset=\"https:\/\/cajuvillasmontargil.com\/wp-content\/uploads\/2021\/02\/17dcf4ba715b51b8c23baeb707c38ad7-150x150.png 150w, https:\/\/cajuvillasmontargil.com\/wp-content\/uploads\/2021\/02\/17dcf4ba715b51b8c23baeb707c38ad7-300x300.png 300w, https:\/\/cajuvillasmontargil.com\/wp-content\/uploads\/2021\/02\/17dcf4ba715b51b8c23baeb707c38ad7-250x250.png 250w, https:\/\/cajuvillasmontargil.com\/wp-content\/uploads\/2021\/02\/17dcf4ba715b51b8c23baeb707c38ad7.png 768w, https:\/\/cajuvillasmontargil.com\/wp-content\/uploads\/2021\/02\/17dcf4ba715b51b8c23baeb707c38ad7-500x500.png 500w, https:\/\/cajuvillasmontargil.com\/wp-content\/uploads\/2021\/02\/17dcf4ba715b51b8c23baeb707c38ad7-360x360.png 360w\" sizes=\"(max-width: 120px) 100vw, 120px\" \/><\/div><p class=\"auther-info\"><strong>Teresa<\/strong><br><em>Portugal, Booking<\/em><\/p><\/div><div class=\"testimonial-item text-center\"><p class=\"description\">Uma estadia incr\u00edvel!\r\nA villa Vale Vil\u00e3o tem tudo o que podemos esperar para termos uma excelente estadia. Desde o exterior com a piscina e zona de estar com vistas incr\u00edveis para a barragem, at\u00e9 ao interior muito bem decorado e com todos os utens\u00edlios necess\u00e1rios para a estadia. \u00c9 um alojamento muito bonito e muito bem cuidado.<\/p><div class=\"testimonial-thumb\"><img loading=\"lazy\" width=\"120\" height=\"120\" src=\"https:\/\/cajuvillasmontargil.com\/wp-content\/uploads\/2021\/02\/17dcf4ba715b51b8c23baeb707c38ad7-150x150.png\" class=\"img-circle img-responsive\" alt=\"\" srcset=\"https:\/\/cajuvillasmontargil.com\/wp-content\/uploads\/2021\/02\/17dcf4ba715b51b8c23baeb707c38ad7-150x150.png 150w, https:\/\/cajuvillasmontargil.com\/wp-content\/uploads\/2021\/02\/17dcf4ba715b51b8c23baeb707c38ad7-300x300.png 300w, https:\/\/cajuvillasmontargil.com\/wp-content\/uploads\/2021\/02\/17dcf4ba715b51b8c23baeb707c38ad7-250x250.png 250w, https:\/\/cajuvillasmontargil.com\/wp-content\/uploads\/2021\/02\/17dcf4ba715b51b8c23baeb707c38ad7.png 768w, https:\/\/cajuvillasmontargil.com\/wp-content\/uploads\/2021\/02\/17dcf4ba715b51b8c23baeb707c38ad7-500x500.png 500w, https:\/\/cajuvillasmontargil.com\/wp-content\/uploads\/2021\/02\/17dcf4ba715b51b8c23baeb707c38ad7-360x360.png 360w\" sizes=\"(max-width: 120px) 100vw, 120px\" \/><\/div><p class=\"auther-info\"><strong>Raul<\/strong><br><em>Portugal, Booking<\/em><\/p><\/div><div class=\"testimonial-item text-center\"><p class=\"description\">Excecional. A repetir em breve.\r\nUma vista excecional para a barragem e zonas circundantes.<\/p><div class=\"testimonial-thumb\"><img loading=\"lazy\" width=\"120\" height=\"120\" src=\"https:\/\/cajuvillasmontargil.com\/wp-content\/uploads\/2021\/02\/17dcf4ba715b51b8c23baeb707c38ad7-150x150.png\" class=\"img-circle img-responsive\" alt=\"\" srcset=\"https:\/\/cajuvillasmontargil.com\/wp-content\/uploads\/2021\/02\/17dcf4ba715b51b8c23baeb707c38ad7-150x150.png 150w, https:\/\/cajuvillasmontargil.com\/wp-content\/uploads\/2021\/02\/17dcf4ba715b51b8c23baeb707c38ad7-300x300.png 300w, https:\/\/cajuvillasmontargil.com\/wp-content\/uploads\/2021\/02\/17dcf4ba715b51b8c23baeb707c38ad7-250x250.png 250w, https:\/\/cajuvillasmontargil.com\/wp-content\/uploads\/2021\/02\/17dcf4ba715b51b8c23baeb707c38ad7.png 768w, https:\/\/cajuvillasmontargil.com\/wp-content\/uploads\/2021\/02\/17dcf4ba715b51b8c23baeb707c38ad7-500x500.png 500w, https:\/\/cajuvillasmontargil.com\/wp-content\/uploads\/2021\/02\/17dcf4ba715b51b8c23baeb707c38ad7-360x360.png 360w\" sizes=\"(max-width: 120px) 100vw, 120px\" \/><\/div><p class=\"auther-info\"><strong>S\u00f3nia <\/strong><br><em>Portugal, Booking<\/em><\/p><\/div><div class=\"testimonial-item text-center\"><p class=\"description\">Pass\u00e1mos 3 noites na Caju Villas e foi perfeito para descansar. A piscina \u00e9 perfeita e com uma vista incr\u00edvel. A cozinha est\u00e1 totalmente equipada - foi \u00f3ptimo para fazer refei\u00e7\u00f5es em casa. No geral a casa \u00e9 muito confort\u00e1vel. Ador\u00e1mos!<\/p><div class=\"testimonial-thumb\"><img loading=\"lazy\" width=\"117\" height=\"120\" src=\"https:\/\/cajuvillasmontargil.com\/wp-content\/uploads\/2021\/02\/download-146x150.png\" class=\"img-circle img-responsive\" alt=\"\" \/><\/div><p class=\"auther-info\"><strong>Tita<\/strong><br><em>Austr\u00e1lia, Airbnb<\/em><\/p><\/div><div class=\"testimonial-item text-center\"><p class=\"description\">A casa era ador\u00e1vel! muito limpa, moderna, pac\u00edfica e verdadeiramente um belo espa\u00e7o. Privado, com certeza!<\/p><div class=\"testimonial-thumb\"><img loading=\"lazy\" width=\"117\" height=\"120\" src=\"https:\/\/cajuvillasmontargil.com\/wp-content\/uploads\/2021\/02\/download-146x150.png\" class=\"img-circle img-responsive\" alt=\"\" \/><\/div><p class=\"auther-info\"><strong>Marci<\/strong><br><em>Reino Unido, Airbnb<\/em><\/p><\/div><div class=\"testimonial-item text-center\"><p class=\"description\">A estadia superou todas as nossas expectativas, a vista deslumbrante ficou-nos no pensamento\r\nSuperou as nossas expectativas em todos os aspetos, piscina \u00f3tima, vista deslumbrante, tudo muito limpo, mobili\u00e1rio e equipamentos necess\u00e1rios para uma \u00f3tima estadia. As quatro Villas estavam ocupadas mas a privacidade foi total. A repetir certamente.<\/p><div class=\"testimonial-thumb\"><img loading=\"lazy\" width=\"120\" height=\"120\" src=\"https:\/\/cajuvillasmontargil.com\/wp-content\/uploads\/2021\/02\/17dcf4ba715b51b8c23baeb707c38ad7-150x150.png\" class=\"img-circle img-responsive\" alt=\"\" srcset=\"https:\/\/cajuvillasmontargil.com\/wp-content\/uploads\/2021\/02\/17dcf4ba715b51b8c23baeb707c38ad7-150x150.png 150w, https:\/\/cajuvillasmontargil.com\/wp-content\/uploads\/2021\/02\/17dcf4ba715b51b8c23baeb707c38ad7-300x300.png 300w, https:\/\/cajuvillasmontargil.com\/wp-content\/uploads\/2021\/02\/17dcf4ba715b51b8c23baeb707c38ad7-250x250.png 250w, https:\/\/cajuvillasmontargil.com\/wp-content\/uploads\/2021\/02\/17dcf4ba715b51b8c23baeb707c38ad7.png 768w, https:\/\/cajuvillasmontargil.com\/wp-content\/uploads\/2021\/02\/17dcf4ba715b51b8c23baeb707c38ad7-500x500.png 500w, https:\/\/cajuvillasmontargil.com\/wp-content\/uploads\/2021\/02\/17dcf4ba715b51b8c23baeb707c38ad7-360x360.png 360w\" sizes=\"(max-width: 120px) 100vw, 120px\" \/><\/div><p class=\"auther-info\"><strong>Jorge<\/strong><br><em>Portugal, Booking <\/em><\/p><\/div>                        <\/div>\n                    <\/div>\n                <\/div>\n            <\/div>\n\n                <!--end post testimonials module-->\n\n\n        [\/vc_column][\/vc_row]<\/p>","protected":false},"excerpt":{"rendered":"<p>[vc_row][vc_column][\/vc_column][\/vc_row]<\/p>\n","protected":false},"author":1,"featured_media":0,"parent":0,"menu_order":0,"comment_status":"closed","ping_status":"closed","template":"","meta":{"inline_featured_image":false,"_joinchat":[],"footnotes":""},"_links":{"self":[{"href":"https:\/\/cajuvillasmontargil.com\/pt\/wp-json\/wp\/v2\/pages\/2996"}],"collection":[{"href":"https:\/\/cajuvillasmontargil.com\/pt\/wp-json\/wp\/v2\/pages"}],"about":[{"href":"https:\/\/cajuvillasmontargil.com\/pt\/wp-json\/wp\/v2\/types\/page"}],"author":[{"embeddable":true,"href":"https:\/\/cajuvillasmontargil.com\/pt\/wp-json\/wp\/v2\/users\/1"}],"replies":[{"embeddable":true,"href":"https:\/\/cajuvillasmontargil.com\/pt\/wp-json\/wp\/v2\/comments?post=2996"}],"version-history":[{"count":5,"href":"https:\/\/cajuvillasmontargil.com\/pt\/wp-json\/wp\/v2\/pages\/2996\/revisions"}],"predecessor-version":[{"id":3410,"href":"https:\/\/cajuvillasmontargil.com\/pt\/wp-json\/wp\/v2\/pages\/2996\/revisions\/3410"}],"wp:attachment":[{"href":"https:\/\/cajuvillasmontargil.com\/pt\/wp-json\/wp\/v2\/media?parent=2996"}],"curies":[{"name":"wp","href":"https:\/\/api.w.org\/{rel}","templated":true}]}}