{"id":2302,"date":"2021-02-10T16:06:46","date_gmt":"2021-02-10T16:06:46","guid":{"rendered":"https:\/\/cajuvillasmontargil.com\/?page_id=2302"},"modified":"2025-11-06T08:31:36","modified_gmt":"2025-11-06T08:31:36","slug":"terms-and-conditions","status":"publish","type":"page","link":"https:\/\/cajuvillasmontargil.com\/pt\/terms-and-conditions\/","title":{"rendered":"Termos e condi\u00e7\u00f5es"},"content":{"rendered":"<p><\/p>\n<div align=\"justify\">\n<p style=\"font-weight: 400;\"><b><strong><em>Reservas \/ Pagamentos \/ Cancelamentos\u00a0<\/em><\/strong><\/b><\/p>\n<p style=\"font-weight: 400;\">O Ca<b><strong>j<\/strong><\/b>u Villas Montargil tem \u00e0 sua disposi\u00e7\u00e3o, o m\u00e9todo de pagamento atrav\u00e9s de cart\u00e3o de cr\u00e9dito\/d\u00e9bito.<\/p>\n<p>Ao efetuar a reserva, o valor total ser\u00e1 debitado automaticamente, assegurando a confirma\u00e7\u00e3o da sua estadia.<\/p>\n<p style=\"font-weight: 400;\">Poder\u00e1 cancelar a sua reserva sem qualquer penaliza\u00e7\u00e3o at\u00e9 60 dias da data de check-in, obtendo a devolu\u00e7\u00e3o da totalidade do pagamento. Caso pretenda cancelar a sua reserva a menos de 60 dias da data de check-in, n\u00e3o haver\u00e1 direito a reembolso (exceto casos de for\u00e7a maior, devidamente comprovados).<\/p>\n<p style=\"font-weight: 400;\">A devolu\u00e7\u00e3o do valor poder\u00e1 ser efetuada num prazo de 10 dias \u00fateis a seguir ao cancelamento da reserva.<br \/>\nAs nossas faturas s\u00e3o emitidas por defeito como consumidor final.<\/p>\n<p style=\"font-weight: 400;\">Se pretender uma fatura com a sua informa\u00e7\u00e3o fiscal, por favor solicite-nos atrav\u00e9s do e-mail\u00a0<a href=\"mailto:info@cajuvillasmontargil.com\">info@cajuvillasmontargil.com<\/a>, no momento da inclus\u00e3o da reserva ou no momento do check-out. A partir do dia ap\u00f3s o check-out, infelizmente j\u00e1 n\u00e3o ser\u00e1 poss\u00edvel emitir fatura com a sua informa\u00e7\u00e3o fiscal por motivos contabil\u00edsticos.<\/p>\n<p style=\"font-weight: 400;\">Ap\u00f3s a sua reserva estar conclu\u00edda e confirmada pelo Caju Villas Montargil, receber\u00e1 no seu email todas as informa\u00e7\u00f5es necess\u00e1rias.<\/p>\n<p style=\"font-weight: 400;\">O Caju Villas Montargil poder\u00e1 a qualquer momento alterar o valor das tarifas existentes, exceto de reservas j\u00e1 efetuadas.<\/p>\n<p style=\"font-weight: 400;\">O Caju Villas Montargil poder\u00e1 a qualquer momento cancelar ou suspender qualquer pacote ou promo\u00e7\u00e3o existente no seu website.<\/p>\n<p>&nbsp;<\/p>\n<p style=\"font-weight: 400;\"><b><strong><em>Check-in e Check-out\u00a0<\/em><\/strong><\/b><\/p>\n<p style=\"font-weight: 400;\">O hor\u00e1rio de check-in \u00e9 a partir das 16H e dever\u00e1 informar antecipadamente o Caju Villas Montargil sobre o seu hor\u00e1rio de chegada. E o hor\u00e1rio de check-out \u00e9 at\u00e9 \u00e0s 12h.<\/p>\n<p style=\"font-weight: 400;\">O check-in no Caju Villas Montargil \u00e9 aut\u00f3nomo, atrav\u00e9s do sistema de cofre.<\/p>\n<p style=\"font-weight: 400;\">No dia anterior ao do seu check-in, receber\u00e1 um email com todas as informa\u00e7\u00f5es necess\u00e1rias para proceder ao check-in.<\/p>\n<p style=\"font-weight: 400;\"><em>Normas e restri\u00e7\u00f5es obrigat\u00f3rias\u00a0<\/em><\/p>\n<p style=\"font-weight: 400;\">. Proibido a realiza\u00e7\u00e3o de churrasco.<\/p>\n<p style=\"font-weight: 400;\">. Proibido fumar dentro da Villa.<\/p>\n<p style=\"font-weight: 400;\">. Proibido a realiza\u00e7\u00e3o de qualquer tipo de fogo\/lume.<\/p>\n<p style=\"font-weight: 400;\">. N\u00e3o \u00e9 permitido pernoitar para al\u00e9m da capacidade m\u00e1xima da Villa.<\/p>\n<p style=\"font-weight: 400;\">. Todas as piscinas das Villas s\u00e3o revestidas com Tela, \u00e9 expressamente proibido utilizar dentro das mesmas qualquer tipo de material cortante ou material n\u00e3o apropriado para piscina.<\/p>\n<p style=\"font-weight: 400;\">. Gostamos que todos os nossos h\u00f3spedes tenham um bom descanso durante a sua estadia, pedimos assim, que durante o hor\u00e1rio das 22:00h \u00e0s 10:00h todo o tipo de ru\u00eddo seja moderado, de maneira a n\u00e3o incomodar o descanso de ningu\u00e9m.<\/p>\n<p style=\"font-weight: 400;\">. Todas as \u00e1reas t\u00e9cnicas s\u00e3o de acesso proibido aos h\u00f3spedes.<\/p>\n<p style=\"font-weight: 400;\">A quebra de qualquer um dos pontos anteriores, poder\u00e1 levar a custos adicionais ao cliente caso exista danifica\u00e7\u00e3o da Villa e poder\u00e1 levar \u00e0 perda do direito de estadia, sem reembolso.<\/p>\n<\/div>\n<p><\/p>","protected":false},"excerpt":{"rendered":"<p>Reservas \/ Pagamentos \/ Cancelamentos\u00a0 O Caju Villas Montargil tem \u00e0 sua disposi\u00e7\u00e3o, o m\u00e9todo de pagamento atrav\u00e9s de cart\u00e3o de cr\u00e9dito\/d\u00e9bito. Ao efetuar a reserva, o valor total ser\u00e1 debitado automaticamente, assegurando a confirma\u00e7\u00e3o da sua estadia. Poder\u00e1 cancelar a sua reserva sem qualquer penaliza\u00e7\u00e3o at\u00e9 60 dias da data de check-in, obtendo a [&hellip;]<\/p>\n","protected":false},"author":1,"featured_media":0,"parent":0,"menu_order":0,"comment_status":"closed","ping_status":"open","template":"","meta":{"inline_featured_image":false,"_joinchat":[],"footnotes":""},"_links":{"self":[{"href":"https:\/\/cajuvillasmontargil.com\/pt\/wp-json\/wp\/v2\/pages\/2302"}],"collection":[{"href":"https:\/\/cajuvillasmontargil.com\/pt\/wp-json\/wp\/v2\/pages"}],"about":[{"href":"https:\/\/cajuvillasmontargil.com\/pt\/wp-json\/wp\/v2\/types\/page"}],"author":[{"embeddable":true,"href":"https:\/\/cajuvillasmontargil.com\/pt\/wp-json\/wp\/v2\/users\/1"}],"replies":[{"embeddable":true,"href":"https:\/\/cajuvillasmontargil.com\/pt\/wp-json\/wp\/v2\/comments?post=2302"}],"version-history":[{"count":9,"href":"https:\/\/cajuvillasmontargil.com\/pt\/wp-json\/wp\/v2\/pages\/2302\/revisions"}],"predecessor-version":[{"id":3627,"href":"https:\/\/cajuvillasmontargil.com\/pt\/wp-json\/wp\/v2\/pages\/2302\/revisions\/3627"}],"wp:attachment":[{"href":"https:\/\/cajuvillasmontargil.com\/pt\/wp-json\/wp\/v2\/media?parent=2302"}],"curies":[{"name":"wp","href":"https:\/\/api.w.org\/{rel}","templated":true}]}}